{"id":229,"date":"2011-03-30T14:52:02","date_gmt":"2011-03-30T13:52:02","guid":{"rendered":"http:\/\/brflunden28.se\/Lunden2.0\/?page_id=229"},"modified":"2026-04-18T08:54:40","modified_gmt":"2026-04-18T07:54:40","slug":"information-regler","status":"publish","type":"page","link":"https:\/\/brflunden28.se\/?page_id=229","title":{"rendered":"Information f\u00f6r Boende"},"content":{"rendered":"<p>H\u00e4r hoppas vi att du som \u00e4r ny eller gammal medlem finner all information du m\u00f6jligtvis kan beh\u00f6va!<br \/>\nDet finns \u00e4ven ytterligare information p\u00e5 <strong>Mitt Riksbyggen<\/strong> via f\u00f6ljande l\u00e4nk: <a href=\"https:\/\/mitt.riksbyggen.se\/\">https:\/\/mitt.riksbyggen.se\/ <\/a>, inloggning sker med hj\u00e4lp av <strong>BankID.<\/strong><\/p>\n<p>Till att b\u00f6rja med s\u00e5 ber vi dig l\u00e4sa v\u00e5r &#8217;Boendep\u00e4rm&#8217; som\u00a0inneh\u00e5ller en sammanfattning av all information som kan vara av nytta f\u00f6r dig som boende i f\u00f6reningen. Du finner den h\u00e4r: <a href=\"http:\/\/brflunden28.se\/wp-content\/uploads\/Boendeparm-BRF-Lunden-28-i-Goteborg-uppdaterad-2024.pdf\" class=\"mtli_attachment mtli_pdf\" rel=\"mtli_filesize369,75kB\">Boendepa\u0308rm_2024<\/a><\/p>\n<p>Nedan finner du allm\u00e4n\/kompletterande information. Om n\u00e5gonting saknas, kika g\u00e4rna <a title=\"Vanliga fr\u00e5gor\" href=\"http:\/\/brflunden28.se\/?page_id=6\">h\u00e4r <\/a>eller<a title=\"Kontakt\" href=\"http:\/\/brflunden28.se\/?page_id=817\"> kontakta oss<\/a><\/p>\n<p><strong>FASTIGHETSSK\u00d6TARE<br \/>\n<\/strong>Fastighetssk\u00f6tsel utf\u00f6rs p\u00e5 entreprenad av Fastighetssk\u00f6tarna Lars-Gunnar och Tony under ordinarie arbetstider 07-16 (m\u00e5ndag \u2013 fredag).<\/p>\n<p>Kontakta fastighetssk\u00f6tarna f\u00f6r byte av namn p\u00e5 d\u00f6rr, porttelefon, postbox och anslagstavlan i trapphuset.<\/p>\n<p>Felanm\u00e4lningar av utrustning i tv\u00e4ttstuga till Tony via telefon\u00a0031-19 84 30 eller mail <a href=\"mailto:fsk.lgt@gmail.com\">fsk.lgt@gmail.com<\/a><\/p>\n<p>St\u00e4dning av trapphuset sker varannan vecka mellan maj-september och \u00f6vriga \u00e5ret varje vecka.\u00a0 \u00c4ven st\u00e4dning av tv\u00e4ttstugorna kommer ske sista fredagen i m\u00e5naden.<\/p>\n<p><strong>BYTE AV NAMN P\u00c5 D\u00d6RR etc.<br \/>\n<\/strong>Kontakta fastighetssk\u00f6tarna f\u00f6r byte av namn p\u00e5 d\u00f6rr, porttelefon, postbox och anslagstavlan i trapphuset.<\/p>\n<p><strong>KONTAKT MED STYRELSEN<\/strong><br \/>\nVid allvarliga skador, s\u00e5som vattenl\u00e4ckor och dylikt ska styrelsen genast kontaktas p\u00e5 <a href=\"mailto:helastyrelsen@brflunden28.se\">helastyrelsen@brflunden28.se<\/a>.<\/p>\n<p><b><strong><strong>PANTS\u00c4TTNING<\/strong><br \/>\n<\/strong><\/b>Panthandlingarna ska ihop med ett svarskuvert fr\u00e5n banken skickas via post till Riksbyggen, Box 540, 721 09 V\u00e4ster\u00e5s.<br \/>\nHandlingarna ska inte skrivas under av styrelsen, som var fallet tidigare, utan skickas direkt till Riksbyggen.<\/p>\n<p><strong>L\u00c4GENHETSUTDRAG<br \/>\n<\/strong>Beh\u00f6ver ni ett utdrag ur l\u00e4genhetsf\u00f6rteckningen? Logga in p\u00e5 <a href=\"https:\/\/mitt.riksbyggen.se\/\">https:\/\/mitt.riksbyggen.se\/<\/a> s\u00e5 kan du enkelt ladda ner det eller ring Riksbyggen p\u00e5 0771 &#8211; 86 08 60 och be dem skicka detta till er.<\/p>\n<p><strong>S\u00c4KERHETSD\u00d6RRAR<br \/>\n<\/strong>Under h\u00f6st 2022 och v\u00e5r 2023 installerade vi s\u00e4kerhetsd\u00f6rrar till alla l\u00e4genheter. Vi har en garantiperiod p\u00e5 2 \u00e5r som g\u00e4ller till och med sommar 2025. Uppst\u00e5r det n\u00e5got problem med er d\u00f6rr under denna period, kontakta Svenska Skydd enligt f\u00f6ljande: <a href=\"http:\/\/brflunden28.se\/wp-content\/uploads\/Relationshandling-Brf-Lunden-28-kontakt-och-reklamation.pdf\" class=\"mtli_attachment mtli_pdf\" rel=\"mtli_filesize73,13kB\">Kontaktuppgifter Svenska Skydd Reklamation<\/a>.<\/p>\n<p>L\u00e5sinstruktion till d\u00f6rrarna: <a href=\"http:\/\/brflunden28.se\/wp-content\/uploads\/Lasinstruktion-dorr-och-ILOQ.pdf\" class=\"mtli_attachment mtli_pdf\" rel=\"mtli_filesize674,86kB\">L\u00e5sinstruktion d\u00f6rr och ILOQ<\/a>.<\/p>\n<p><strong>NYCKLAR\/BLIPPAR OCH L\u00c5S<\/strong><br \/>\nVi har nyligen bytt l\u00e5ssystem och har ett servicekontrakt med l\u00e5ssmed Samuelsson &amp; Partner. Nycklarna vi har \u00e4r av m\u00e4rket <a href=\"https:\/\/www.iloq.com\/sv\/?utm_term=iloq&amp;utm_medium=ppc&amp;utm_campaign=Sweden-Search-Brand&amp;utm_source=adwords&amp;hsa_tgt=kwd-313578167214&amp;hsa_acc=7172207372&amp;hsa_ver=3&amp;hsa_net=adwords&amp;hsa_grp=120831109897&amp;hsa_ad=585470786317&amp;hsa_mt=e&amp;hsa_cam=13323746804&amp;hsa_kw=iloq&amp;hsa_src=g&amp;gclid=Cj0KCQiA1NebBhDDARIsAANiDD1qOkakmU9LxMslO_KD6w5bzagZ4U3v-nJQjRIflC380bdVmIf_x6AaApD4EALw_wcB\">iLOQ<\/a> vilket inneb\u00e4r att <strong>de ska sp\u00e4rras om de tappas bort<\/strong>. Du ska d\u00e4rmed <strong>inte <\/strong>byta l\u00e5set till din d\u00f6rr f\u00f6r att bibeh\u00e5lla s\u00e4kerheten.<\/p>\n<p>Om du har tappat bort din nyckel ska den <strong>genast <\/strong>sp\u00e4rras. Detta g\u00f6r du g\u00f6r via <a href=\"https:\/\/portal.digitallassmed.se\/login\">L\u00e5sportalen<\/a> (<a href=\"http:\/\/portal.digitallassmed.se\">portal.digitallassmed.se<\/a>) och loggar in med BankID eller genom att kontakta <a href=\"https:\/\/samuelssonpartner.se\/kontakt\/\">Samuelsson &amp; Partner<\/a>. \u00c4r det br\u00e5dskande eller efter kontorstid kan du ringa till Samuelsson &amp; Partner p\u00e5 telefonnummer:<strong> 031-55 34 00<\/strong> s\u00e5 kan de prioritera \u00e4rendet som akut utan extra kostnad.<\/p>\n<p>Vill du best\u00e4lla extra\/nya nycklar g\u00f6r du \u00e4ven det via L\u00e5sportalen. N\u00e4r nyckeln \u00e4r klar kommer du bli kontaktad och f\u00e5 en 4-siffrig kod f\u00f6r att h\u00e4mta ut din nya nyckel sj\u00e4lv i nyckelutdelningsautomaten som \u00e4r placerad i k\u00e4llarentr\u00e9n mot g\u00e5rden mellan Persgatan 8 och 4 (in till stora tv\u00e4ttstugan). En ny nyckel kostar 800 kr.<\/p>\n<p>F\u00f6r att f\u00e5 en nyckel sp\u00e4rrad kv\u00e4llar, helger och n\u00e4tter tillkommer en jourkostnad p\u00e5 1500 kr.<\/p>\n<div title=\"Page 4\">\n<p><strong>PORTTELEFONI VID GRINDARNA<br \/>\n<\/strong><span data-contrast=\"auto\">Porttelefonen vid grinden p\u00e5 Nobelgatan g\u00e5r till adresserna Persgatan 2A, B, 4A, B, 10A, B, 8A, B, C samt Bielkegatan 9C.\u00a0<\/span><br \/>\n<span data-contrast=\"auto\">Porttelefonen vid grinden p\u00e5 Persgatan g\u00e5r till adresserna Persgatan 2A, B, 4A, B, 10A, B, 8A, B, C samt Bielkegatan 9C.<\/span><span data-ccp-props=\"{&quot;201341983&quot;:0,&quot;335559740&quot;:276}\">\u00a0<\/span><\/p>\n<p><span data-contrast=\"auto\">Om ni med dessa adresser inte finns med i porttelefonens register, kontakta styrelsen<\/span><span data-contrast=\"auto\">.<\/span><\/p>\n<p><span data-contrast=\"auto\">Uppgifter som beh\u00f6vs till registret:<\/span><span data-ccp-props=\"{&quot;201341983&quot;:0,&quot;335559740&quot;:276}\"><br \/>\n<\/span><span data-contrast=\"auto\">Namn<\/span><span data-ccp-props=\"{&quot;201341983&quot;:0,&quot;335559740&quot;:276}\"><br \/>\n<\/span><span data-contrast=\"auto\">Telefonnummer<\/span><span data-ccp-props=\"{&quot;201341983&quot;:0,&quot;335559740&quot;:276}\"><br \/>\n<\/span><span data-contrast=\"auto\">Adress, p\u00e5 adressrad tv\u00e5 fyller ni i ert fyrsiffriga l\u00e4genhetsnummer, tex 1011 (<\/span><span data-contrast=\"none\">Lantm\u00e4teriverkets lgh nr<\/span><span data-contrast=\"auto\">). Detta finns p\u00e5 anslagstavlan i varje trapphus och p\u00e5 postboxarna.<\/span><span data-ccp-props=\"{&quot;201341983&quot;:0,&quot;335559740&quot;:276}\"><br \/>\n<\/span><span data-contrast=\"auto\">F\u00f6reningens l\u00e4genhetsnummer<\/span><\/p>\n<p><span data-contrast=\"auto\">Det telefonnummer ni fyller i kommer att kopplas med porttelefonen vid grinden. Det g\u00e5r att l\u00e4gga till fler \u00e4n ett telefonnummer. N\u00e4r n\u00e5gon ringer p\u00e5 er l\u00e4genhet vid grinden, ringer er telefon och ni <\/span><span data-contrast=\"auto\">\u00f6ppna<\/span><span data-contrast=\"auto\">r grinden via telefonen, se <a href=\"http:\/\/brflunden28.se\/wp-content\/uploads\/Porttelefon-anvandarguide-1.pdf\" class=\"mtli_attachment mtli_pdf\" rel=\"mtli_filesize340,60kB\">anv\u00e4ndarguiden<\/a>.<\/span><\/p>\n<p><strong>SKA DU RENOVERA?<br \/>\n<\/strong>Om du ska renovera din l\u00e4genhet kr\u00e4vs godk\u00e4nnande av styrelsen. Du kan l\u00e4sa mer om detta <a title=\"Renoveringar\" href=\"http:\/\/brflunden28.se\/?page_id=726\">h\u00e4r.<\/a><a title=\"V\u00e4lkomstinformation f\u00f6r nyinflyttade\" href=\"http:\/\/brflunden28.se\/?page_id=647\"><br \/>\n<\/a><\/p>\n<p><strong>HEMF\u00d6RS\u00c4KRING<br \/>\n<\/strong>Styrelsen uppmanar alla boende att teckna hemf\u00f6rs\u00e4kring med bostadsr\u00e4ttstill\u00e4gg.<a title=\"V\u00e4lkomstinformation f\u00f6r nyinflyttade\" href=\"http:\/\/brflunden28.se\/?page_id=647\"><br \/>\n<\/a><\/p>\n<p><strong>VATTENL\u00c4CKOR<br \/>\n<\/strong>Kontakta <a href=\"https:\/\/500120.com\/\">G\u00f6teborgs R\u00f6rjour<\/a> f\u00f6r att st\u00e4nga av vattnet s\u00e5 snart som m\u00f6jligt, tel 031-500120 eller jourtelefon 031-403440. Kontakta d\u00e4refter Styrelsen p\u00e5 <a href=\"mailto:helastyrelsen@brflunden28.se\">helastyrelsen@brflunden28.se<\/a>.<a title=\"V\u00e4lkomstinformation f\u00f6r nyinflyttade\" href=\"http:\/\/brflunden28.se\/?page_id=647\"><br \/>\n<\/a><\/p>\n<p>D\u00e4refter kontaktar Styrelsen Polygon f\u00f6r fuktm\u00e4tning och omfattning av skadan. Inspektionen avg\u00f6r hur den fortsatta processen ser ut. Om fukten \u00e4r begr\u00e4nsad till ett omr\u00e5de som bostadr\u00e4ttinnehavaren ansvarar f\u00f6r, s\u00e5 st\u00e5r bostadr\u00e4ttinnehavarens f\u00f6rs\u00e4kringsbolag f\u00f6r inspektionskostnaden.<\/p>\n<p>Efter inspektionen s\u00e5 tar arbetet med att \u00e5terst\u00e4lla\/renovera vid. Bostadsr\u00e4ttsinnehavaren ansvarar i de flesta fall f\u00f6r att anlita hantverkare.<\/p>\n<p>Slutligen sker arbetet med att f\u00f6rdela kostnaderna mellan f\u00f6rs\u00e4kringsbolagen (f\u00f6reningens samt bostadsr\u00e4ttsinnehavaren). Hur kostnaderna f\u00f6rdelas beror p\u00e5 skadans omfattning, orsak och placering. Styrelsen bist\u00e5r givetvis detta arbetet och igenom hela processen.<\/p>\n<p><strong>SKADEDJUR I K\u00c4LLAREN<br \/>\n<\/strong>Kontakta Anticimex: <a href=\"tel:075%20-%20245%2010%2000\">075 &#8211; 245 10 00 <\/a>och uppge f\u00f6reningens f\u00f6rs\u00e4kringsnummer (316399, Folksam). Kan vara bra att veta att i kontakten med Anticimex s\u00e5 vill de g\u00e4rna veta s\u00e5 mycket som m\u00f6jligt (tex. var r\u00e5ttorna uppt\u00e4cktes (inomhus\/utomhus\/adress), om finns det spillning, om de har gr\u00e4vt).<\/p>\n<p><strong>AVGIFTER &amp; HYROR<br \/>\n<\/strong>F\u00f6reningen har anlitat Riksbyggen att handl\u00e4gga f\u00f6reningens avgifter och hyror. Dessa betalas i f\u00f6rskott och som boende f\u00e5r du tre avier f\u00f6r respektive kvartal p\u00e5 en g\u00e5ng. Har du fr\u00e5gor om ditt boende eller inbetalning av avgiften\/hyran n\u00e5r du Riksbyggen dygnet runt p\u00e5 telefonnummer 0771-860 860 eller via <a href=\"http:\/\/riksbyggen.se\/Kontakt\/Kontakta-oss\/\" target=\"_blank\" rel=\"noopener noreferrer\">deras kontaktformul\u00e4r<\/a>.<\/p>\n<\/div>\n<p><strong>TV\u00c4TTSTUGOR<\/strong><br \/>\nN\u00e4stan alla har drabbats av att komma till en tv\u00e4ttstuga som inte motsvarat v\u00e5ra f\u00f6rv\u00e4ntningar. En enkel regel \u00e4r att l\u00e4mna tv\u00e4ttstuga och maskiner i det skick du \u00f6nskar finna dem n\u00e4r du sj\u00e4lv kommer f\u00f6r att tv\u00e4tta n\u00e4sta g\u00e5ng. H\u00e4r \u00e4r n\u00e5gra enkla regler som ska f\u00f6ljas i tv\u00e4ttstugorna:<\/p>\n<ul>\n<li>T\u00e4nk p\u00e5 reng\u00f6ring av fack f\u00f6r tv\u00e4ttmedel, &#8221;ludd&#8221; i torktumlaren och golv i b\u00e5de tv\u00e4tt- och torkrum.<\/li>\n<li>Om bokad tid inte p\u00e5b\u00f6rjats senast en timme efter utsatt starttid har annan medlem r\u00e4tt att tv\u00e4tta p\u00e5 den bokade tiden.<\/li>\n<li>Bokning med hj\u00e4lp av papperslappar g\u00e4ller inte.\u00a0Om du saknar tv\u00e4ttl\u00e5s till tv\u00e4ttavlan, kontakta fastighetssk\u00f6taren Tony.<\/li>\n<li>Bygel-bh f\u00e5r inte tv\u00e4ttas i maskinerna.<\/li>\n<li>Tv\u00e4ttiden b\u00f6rjar och slutar enligt tv\u00e4ttavlan, men torktiden b\u00f6rjar en timme senare och slutar en timme efter tv\u00e4ttiden.<\/li>\n<li>Du f\u00e5r inte anv\u00e4nda torkrummen efter kl 23.00.<\/li>\n<li>Tv\u00e4ttiderna best\u00e5r av 3 timmar och g\u00e4ller alla dagar.<\/li>\n<\/ul>\n<p><strong>TV och BREDBAND<\/strong><br \/>\nF\u00f6reningen har bredband, telefoni och TV levererat fr\u00e5n Telenor (f.d. Bredbandsbolaget). Denna avgift (250 kr\/m\u00e5n) \u00e4r obligatorisk att betala f\u00f6r bostadsr\u00e4ttsinnehavare och ing\u00e5r i avgiften. Obs! N\u00e4r du \u00e4r nyinflyttad kontakta Telenor och registrera dig som kund.<\/p>\n<p><strong>K\u00c4LLAR- OCH VINDSUTRYMMEN<\/strong><br \/>\nF\u00e5r ej anv\u00e4ndas som avst\u00e4llningsplats f\u00f6r gamla uttj\u00e4nta m\u00f6bler och annat br\u00e5te. Det strider mot v\u00e5ra brands\u00e4kerhetsregler och vi f\u00e5r anm\u00e4rkning vid inspektion. Bortforsling av grovsopor st\u00e5r man sj\u00e4lv f\u00f6r. F\u00f6rvaring sker i l\u00e4genhetshavarens f\u00f6rr\u00e5d. Blir f\u00f6reningen tvungen att st\u00e5 f\u00f6r t\u00f6mning av k\u00e4llarutrymmen kommer det s\u00e5ledes resultera i h\u00f6jda avgifter\/hyror.<\/p>\n<p><strong>SOPRUM<\/strong><br \/>\nI soprummen finns flera olika k\u00e4rl d\u00e4r avfallet sorteras enligt f\u00f6r k\u00e4rlen angivna inneh\u00e5ll. Grovsopor eller elektronik f\u00e5r <strong>inte sl\u00e4ngas eller l\u00e4mnas<\/strong> i soprummen. Om detta \u00e4nd\u00e5 sker tvingas f\u00f6reningen betala stora extrakostnader f\u00f6r att ta hand om detta, vilket kommer att resultera i h\u00f6jda avgifter\/hyror.<\/p>\n<p>Har du grovsopor, skrymmande f\u00f6rem\u00e5l eller elektronik som du vill bli av med m\u00e5ste du sj\u00e4lv ta med dessa till en \u00e5tervinningscentral (<a href=\"https:\/\/goteborg.se\/wps\/portal\/start\/avfall-och-atervinning\/har-lamnar-hushall-avfall\/atervinningscentraler\/hitta-atervinningscentraler\">\u00c5VC<\/a>). Numera beh\u00f6vs inte l\u00e4ngre ett \u00c5VC-kort utan man visar upp sitt ID-kort p\u00e5 plats. Antalet bes\u00f6k p\u00e5 \u00c5VC \u00e4r obegr\u00e4nsade.<\/p>\n<p>Har du kl\u00e4der eller m\u00f6bler som du vill sk\u00e4nka kan du kontakta <a href=\"http:\/\/www.myrorna.se\/gavor\/gavor.htm\" target=\"_blank\" rel=\"noopener noreferrer\">Myrorna<\/a>. Du kan \u00e4ven l\u00e4mna dina saker till \u00c5terbruket som finns p\u00e5 flera av stadens <a href=\"https:\/\/goteborg.se\/wps\/portal\/start\/avfall-och-atervinning\/har-lamnar-hushall-avfall\/atervinningscentraler\/hitta-atervinningscentraler\">\u00c5VC<\/a>.<\/p>\n<p><strong>FARLIGT AVFALL<\/strong><br \/>\nF\u00f6reningen har inte m\u00f6jlighet att hantera farligt avfall. Vi uppmanar boende att sl\u00e4nga ditt farliga avfall p\u00e5 \u00e5tervinningscentralen (<a href=\"https:\/\/goteborg.se\/wps\/portal\/start\/avfall-och-atervinning\/har-lamnar-hushall-avfall\/atervinningscentraler\/hitta-atervinningscentraler\">\u00c5VC<\/a>).<\/p>\n<style type=\"text\/css\">a[rel~=\"mtli_filesize369,75kB\"]:after {content:\" (369,75 kB)\"}a[rel~=\"mtli_filesize73,13kB\"]:after {content:\" (73,13 kB)\"}a[rel~=\"mtli_filesize674,86kB\"]:after {content:\" (674,86 kB)\"}a[rel~=\"mtli_filesize340,60kB\"]:after {content:\" (340,60 kB)\"}<\/style>","protected":false},"excerpt":{"rendered":"<p>H\u00e4r hoppas vi att du som \u00e4r ny eller gammal medlem finner all information du m\u00f6jligtvis kan beh\u00f6va! Det finns \u00e4ven ytterligare information p\u00e5 Mitt Riksbyggen via f\u00f6ljande l\u00e4nk: https:\/\/mitt.riksbyggen.se\/ , inloggning sker med hj\u00e4lp av BankID. Till att b\u00f6rja &hellip; <a href=\"https:\/\/brflunden28.se\/?page_id=229\">L\u00e4s mer <span class=\"meta-nav\">&rarr;<\/span><\/a><\/p>\n","protected":false},"author":1,"featured_media":0,"parent":41,"menu_order":1,"comment_status":"closed","ping_status":"closed","template":"","meta":[],"_links":{"self":[{"href":"https:\/\/brflunden28.se\/index.php?rest_route=\/wp\/v2\/pages\/229"}],"collection":[{"href":"https:\/\/brflunden28.se\/index.php?rest_route=\/wp\/v2\/pages"}],"about":[{"href":"https:\/\/brflunden28.se\/index.php?rest_route=\/wp\/v2\/types\/page"}],"author":[{"embeddable":true,"href":"https:\/\/brflunden28.se\/index.php?rest_route=\/wp\/v2\/users\/1"}],"replies":[{"embeddable":true,"href":"https:\/\/brflunden28.se\/index.php?rest_route=%2Fwp%2Fv2%2Fcomments&post=229"}],"version-history":[{"count":122,"href":"https:\/\/brflunden28.se\/index.php?rest_route=\/wp\/v2\/pages\/229\/revisions"}],"predecessor-version":[{"id":1561,"href":"https:\/\/brflunden28.se\/index.php?rest_route=\/wp\/v2\/pages\/229\/revisions\/1561"}],"up":[{"embeddable":true,"href":"https:\/\/brflunden28.se\/index.php?rest_route=\/wp\/v2\/pages\/41"}],"wp:attachment":[{"href":"https:\/\/brflunden28.se\/index.php?rest_route=%2Fwp%2Fv2%2Fmedia&parent=229"}],"curies":[{"name":"wp","href":"https:\/\/api.w.org\/{rel}","templated":true}]}}